{"id":327,"date":"2024-12-13T19:19:11","date_gmt":"2024-12-13T18:19:11","guid":{"rendered":"https:\/\/signsbyjose.com\/?page_id=327"},"modified":"2024-12-13T19:32:39","modified_gmt":"2024-12-13T18:32:39","slug":"truck-lettering","status":"publish","type":"page","link":"https:\/\/signsbyjose.com\/es\/truck-lettering\/","title":{"rendered":"Cami\u00f3n De Letras"},"content":{"rendered":"<div data-elementor-type=\"wp-page\" data-elementor-id=\"327\" class=\"elementor elementor-327\" data-elementor-post-type=\"page\">\n\t\t\t\t<div class=\"elementor-element elementor-element-1933b441 e-flex e-con-boxed e-con e-parent\" data-id=\"1933b441\" data-element_type=\"container\" data-settings=\"{&quot;background_background&quot;:&quot;classic&quot;}\">\n\t\t\t\t\t<div class=\"e-con-inner\">\n\t\t<div class=\"elementor-element elementor-element-3f171e82 e-con-full e-flex e-con e-child\" data-id=\"3f171e82\" data-element_type=\"container\" data-settings=\"{&quot;background_background&quot;:&quot;classic&quot;}\">\n\t\t\t\t<div class=\"elementor-element elementor-element-315e02bd elementor-icon-list--layout-inline elementor-align-right elementor-widget__width-auto elementor-list-item-link-full_width elementor-widget elementor-widget-icon-list\" data-id=\"315e02bd\" data-element_type=\"widget\" data-widget_type=\"icon-list.default\">\n\t\t\t\t<div class=\"elementor-widget-container\">\n\t\t\t\t\t<ul class=\"elementor-icon-list-items elementor-inline-items\">\n\t\t\t\t\t\t\t<li class=\"elementor-icon-list-item elementor-inline-item\">\n\t\t\t\t\t\t\t\t\t\t<span class=\"elementor-icon-list-text\">Inicio<\/span>\n\t\t\t\t\t\t\t\t\t<\/li>\n\t\t\t\t\t\t\t\t<li class=\"elementor-icon-list-item elementor-inline-item\">\n\t\t\t\t\t\t\t\t\t\t\t<span class=\"elementor-icon-list-icon\">\n\t\t\t\t\t\t\t<svg aria-hidden=\"true\" class=\"e-font-icon-svg e-fas-chevron-right\" viewbox=\"0 0 320 512\" xmlns=\"http:\/\/www.w3.org\/2000\/svg\"><path d=\"M285.476 272.971L91.132 467.314c-9.373 9.373-24.569 9.373-33.941 0l-22.667-22.667c-9.357-9.357-9.375-24.522-.04-33.901L188.505 256 34.484 101.255c-9.335-9.379-9.317-24.544.04-33.901l22.667-22.667c9.373-9.373 24.569-9.373 33.941 0L285.475 239.03c9.373 9.372 9.373 24.568.001 33.941z\"><\/path><\/svg>\t\t\t\t\t\t<\/span>\n\t\t\t\t\t\t\t\t\t\t<span class=\"elementor-icon-list-text\">Proyectos<\/span>\n\t\t\t\t\t\t\t\t\t<\/li>\n\t\t\t\t\t\t<\/ul>\n\t\t\t\t<\/div>\n\t\t\t\t<\/div>\n\t\t\t\t<\/div>\n\t\t<div class=\"elementor-element elementor-element-3e70309 e-con-full e-flex e-con e-child\" data-id=\"3e70309\" data-element_type=\"container\">\n\t\t\t\t<\/div>\n\t\t\t\t\t<\/div>\n\t\t\t\t<\/div>\n\t\t<div class=\"elementor-element elementor-element-3c4a2b12 e-flex e-con-boxed e-con e-parent\" data-id=\"3c4a2b12\" data-element_type=\"container\">\n\t\t\t\t\t<div class=\"e-con-inner\">\n\t\t\t\t<div class=\"elementor-element elementor-element-2450d15 elementor-widget elementor-widget-spacer\" data-id=\"2450d15\" data-element_type=\"widget\" data-widget_type=\"spacer.default\">\n\t\t\t\t<div class=\"elementor-widget-container\">\n\t\t\t\t\t<div class=\"elementor-spacer\">\n\t\t\t<div class=\"elementor-spacer-inner\"><\/div>\n\t\t<\/div>\n\t\t\t\t<\/div>\n\t\t\t\t<\/div>\n\t\t\t\t<div class=\"elementor-element elementor-element-3200c813 elementor-widget elementor-widget-gallery\" data-id=\"3200c813\" data-element_type=\"widget\" data-settings=\"{&quot;columns&quot;:2,&quot;gallery_layout&quot;:&quot;masonry&quot;,&quot;lazyload&quot;:&quot;yes&quot;,&quot;columns_tablet&quot;:2,&quot;columns_mobile&quot;:1,&quot;gap&quot;:{&quot;unit&quot;:&quot;px&quot;,&quot;size&quot;:10,&quot;sizes&quot;:[]},&quot;gap_tablet&quot;:{&quot;unit&quot;:&quot;px&quot;,&quot;size&quot;:10,&quot;sizes&quot;:[]},&quot;gap_mobile&quot;:{&quot;unit&quot;:&quot;px&quot;,&quot;size&quot;:10,&quot;sizes&quot;:[]},&quot;link_to&quot;:&quot;file&quot;,&quot;overlay_background&quot;:&quot;yes&quot;,&quot;content_hover_animation&quot;:&quot;fade-in&quot;}\" data-widget_type=\"gallery.default\">\n\t\t\t\t<div class=\"elementor-widget-container\">\n\t\t\t\t\t<div class=\"elementor-gallery__container\">\n\t\t\t\t\t\t\t<a class=\"e-gallery-item elementor-gallery-item elementor-animated-content\" href=\"https:\/\/signsbyjose.com\/wp-content\/uploads\/2024\/12\/PHOTO-2024-08-17-16-30-15-2.jpg\" data-elementor-open-lightbox=\"yes\" data-elementor-lightbox-slideshow=\"3200c813\" data-elementor-lightbox-title=\"PHOTO-2024-08-17-16-30-15 (2)\" data-e-action-hash=\"#elementor-action%3Aaction%3Dlightbox%26settings%3DeyJpZCI6MzMyLCJ1cmwiOiJodHRwczpcL1wvc2lnbnNieWpvc2UuY29tXC93cC1jb250ZW50XC91cGxvYWRzXC8yMDI0XC8xMlwvUEhPVE8tMjAyNC0wOC0xNy0xNi0zMC0xNS0yLmpwZyIsInNsaWRlc2hvdyI6IjMyMDBjODEzIn0%3D\">\n\t\t\t\t\t<div class=\"e-gallery-image elementor-gallery-item__image\" data-thumbnail=\"https:\/\/signsbyjose.com\/wp-content\/uploads\/2024\/12\/PHOTO-2024-08-17-16-30-15-2.jpg\" data-width=\"640\" data-height=\"640\" aria-label=\"\" role=\"img\" ><\/div>\n\t\t\t\t\t\t\t\t\t\t\t<div class=\"elementor-gallery-item__overlay\"><\/div>\n\t\t\t\t\t\t\t\t\t\t\t\t\t\t<\/a>\n\t\t\t\t\t\t\t<a class=\"e-gallery-item elementor-gallery-item elementor-animated-content\" href=\"https:\/\/signsbyjose.com\/wp-content\/uploads\/2024\/12\/PHOTO-2024-08-17-16-30-15.jpg\" data-elementor-open-lightbox=\"yes\" data-elementor-lightbox-slideshow=\"3200c813\" data-elementor-lightbox-title=\"PHOTO-2024-08-17-16-30-15\" data-e-action-hash=\"#elementor-action%3Aaction%3Dlightbox%26settings%3DeyJpZCI6MzM2LCJ1cmwiOiJodHRwczpcL1wvc2lnbnNieWpvc2UuY29tXC93cC1jb250ZW50XC91cGxvYWRzXC8yMDI0XC8xMlwvUEhPVE8tMjAyNC0wOC0xNy0xNi0zMC0xNS5qcGciLCJzbGlkZXNob3ciOiIzMjAwYzgxMyJ9\">\n\t\t\t\t\t<div class=\"e-gallery-image elementor-gallery-item__image\" data-thumbnail=\"https:\/\/signsbyjose.com\/wp-content\/uploads\/2024\/12\/PHOTO-2024-08-17-16-30-15.jpg\" data-width=\"640\" data-height=\"640\" aria-label=\"\" role=\"img\" ><\/div>\n\t\t\t\t\t\t\t\t\t\t\t<div class=\"elementor-gallery-item__overlay\"><\/div>\n\t\t\t\t\t\t\t\t\t\t\t\t\t\t<\/a>\n\t\t\t\t\t\t\t<a class=\"e-gallery-item elementor-gallery-item elementor-animated-content\" href=\"https:\/\/signsbyjose.com\/wp-content\/uploads\/2024\/12\/PHOTO-2024-08-17-16-34-37.jpg\" data-elementor-open-lightbox=\"yes\" data-elementor-lightbox-slideshow=\"3200c813\" data-elementor-lightbox-title=\"PHOTO-2024-08-17-16-34-37\" data-e-action-hash=\"#elementor-action%3Aaction%3Dlightbox%26settings%3DeyJpZCI6MzMwLCJ1cmwiOiJodHRwczpcL1wvc2lnbnNieWpvc2UuY29tXC93cC1jb250ZW50XC91cGxvYWRzXC8yMDI0XC8xMlwvUEhPVE8tMjAyNC0wOC0xNy0xNi0zNC0zNy5qcGciLCJzbGlkZXNob3ciOiIzMjAwYzgxMyJ9\">\n\t\t\t\t\t<div class=\"e-gallery-image elementor-gallery-item__image\" data-thumbnail=\"https:\/\/signsbyjose.com\/wp-content\/uploads\/2024\/12\/PHOTO-2024-08-17-16-34-37.jpg\" data-width=\"1200\" data-height=\"1600\" aria-label=\"\" role=\"img\" ><\/div>\n\t\t\t\t\t\t\t\t\t\t\t<div class=\"elementor-gallery-item__overlay\"><\/div>\n\t\t\t\t\t\t\t\t\t\t\t\t\t\t<\/a>\n\t\t\t\t\t\t\t<a class=\"e-gallery-item elementor-gallery-item elementor-animated-content\" href=\"https:\/\/signsbyjose.com\/wp-content\/uploads\/2024\/12\/PHOTO-2024-08-17-16-35-12.jpg\" data-elementor-open-lightbox=\"yes\" data-elementor-lightbox-slideshow=\"3200c813\" data-elementor-lightbox-title=\"PHOTO-2024-08-17-16-35-12\" data-e-action-hash=\"#elementor-action%3Aaction%3Dlightbox%26settings%3DeyJpZCI6MzMzLCJ1cmwiOiJodHRwczpcL1wvc2lnbnNieWpvc2UuY29tXC93cC1jb250ZW50XC91cGxvYWRzXC8yMDI0XC8xMlwvUEhPVE8tMjAyNC0wOC0xNy0xNi0zNS0xMi5qcGciLCJzbGlkZXNob3ciOiIzMjAwYzgxMyJ9\">\n\t\t\t\t\t<div class=\"e-gallery-image elementor-gallery-item__image\" data-thumbnail=\"https:\/\/signsbyjose.com\/wp-content\/uploads\/2024\/12\/PHOTO-2024-08-17-16-35-12.jpg\" data-width=\"480\" data-height=\"640\" aria-label=\"\" role=\"img\" ><\/div>\n\t\t\t\t\t\t\t\t\t\t\t<div class=\"elementor-gallery-item__overlay\"><\/div>\n\t\t\t\t\t\t\t\t\t\t\t\t\t\t<\/a>\n\t\t\t\t\t\t\t<a class=\"e-gallery-item elementor-gallery-item elementor-animated-content\" href=\"https:\/\/signsbyjose.com\/wp-content\/uploads\/2024\/12\/PHOTO-2024-08-17-16-30-15-3.jpg\" data-elementor-open-lightbox=\"yes\" data-elementor-lightbox-slideshow=\"3200c813\" data-elementor-lightbox-title=\"PHOTO-2024-08-17-16-30-15 (3)\" data-e-action-hash=\"#elementor-action%3Aaction%3Dlightbox%26settings%3DeyJpZCI6MzMxLCJ1cmwiOiJodHRwczpcL1wvc2lnbnNieWpvc2UuY29tXC93cC1jb250ZW50XC91cGxvYWRzXC8yMDI0XC8xMlwvUEhPVE8tMjAyNC0wOC0xNy0xNi0zMC0xNS0zLmpwZyIsInNsaWRlc2hvdyI6IjMyMDBjODEzIn0%3D\">\n\t\t\t\t\t<div class=\"e-gallery-image elementor-gallery-item__image\" data-thumbnail=\"https:\/\/signsbyjose.com\/wp-content\/uploads\/2024\/12\/PHOTO-2024-08-17-16-30-15-3.jpg\" data-width=\"1600\" data-height=\"721\" aria-label=\"\" role=\"img\" ><\/div>\n\t\t\t\t\t\t\t\t\t\t\t<div class=\"elementor-gallery-item__overlay\"><\/div>\n\t\t\t\t\t\t\t\t\t\t\t\t\t\t<\/a>\n\t\t\t\t\t\t\t<a class=\"e-gallery-item elementor-gallery-item elementor-animated-content\" href=\"https:\/\/signsbyjose.com\/wp-content\/uploads\/2024\/12\/PHOTO-2024-08-17-16-31-41.jpg\" data-elementor-open-lightbox=\"yes\" data-elementor-lightbox-slideshow=\"3200c813\" data-elementor-lightbox-title=\"PHOTO-2024-08-17-16-31-41\" data-e-action-hash=\"#elementor-action%3Aaction%3Dlightbox%26settings%3DeyJpZCI6MzM0LCJ1cmwiOiJodHRwczpcL1wvc2lnbnNieWpvc2UuY29tXC93cC1jb250ZW50XC91cGxvYWRzXC8yMDI0XC8xMlwvUEhPVE8tMjAyNC0wOC0xNy0xNi0zMS00MS5qcGciLCJzbGlkZXNob3ciOiIzMjAwYzgxMyJ9\">\n\t\t\t\t\t<div class=\"e-gallery-image elementor-gallery-item__image\" data-thumbnail=\"https:\/\/signsbyjose.com\/wp-content\/uploads\/2024\/12\/PHOTO-2024-08-17-16-31-41.jpg\" data-width=\"1200\" data-height=\"1600\" aria-label=\"\" role=\"img\" ><\/div>\n\t\t\t\t\t\t\t\t\t\t\t<div class=\"elementor-gallery-item__overlay\"><\/div>\n\t\t\t\t\t\t\t\t\t\t\t\t\t\t<\/a>\n\t\t\t\t\t\t\t<a class=\"e-gallery-item elementor-gallery-item elementor-animated-content\" href=\"https:\/\/signsbyjose.com\/wp-content\/uploads\/2024\/12\/PHOTO-2024-08-17-16-30-15-1.jpg\" data-elementor-open-lightbox=\"yes\" data-elementor-lightbox-slideshow=\"3200c813\" data-elementor-lightbox-title=\"PHOTO-2024-08-17-16-30-15 (1)\" data-e-action-hash=\"#elementor-action%3Aaction%3Dlightbox%26settings%3DeyJpZCI6MzM1LCJ1cmwiOiJodHRwczpcL1wvc2lnbnNieWpvc2UuY29tXC93cC1jb250ZW50XC91cGxvYWRzXC8yMDI0XC8xMlwvUEhPVE8tMjAyNC0wOC0xNy0xNi0zMC0xNS0xLmpwZyIsInNsaWRlc2hvdyI6IjMyMDBjODEzIn0%3D\">\n\t\t\t\t\t<div class=\"e-gallery-image elementor-gallery-item__image\" data-thumbnail=\"https:\/\/signsbyjose.com\/wp-content\/uploads\/2024\/12\/PHOTO-2024-08-17-16-30-15-1.jpg\" data-width=\"640\" data-height=\"640\" aria-label=\"\" role=\"img\" ><\/div>\n\t\t\t\t\t\t\t\t\t\t\t<div class=\"elementor-gallery-item__overlay\"><\/div>\n\t\t\t\t\t\t\t\t\t\t\t\t\t\t<\/a>\n\t\t\t\t\t\t\t<a class=\"e-gallery-item elementor-gallery-item elementor-animated-content\" href=\"https:\/\/signsbyjose.com\/wp-content\/uploads\/2024\/12\/PHOTO-2024-08-17-16-36-19.jpg\" data-elementor-open-lightbox=\"yes\" data-elementor-lightbox-slideshow=\"3200c813\" data-elementor-lightbox-title=\"PHOTO-2024-08-17-16-36-19\" data-e-action-hash=\"#elementor-action%3Aaction%3Dlightbox%26settings%3DeyJpZCI6MzM3LCJ1cmwiOiJodHRwczpcL1wvc2lnbnNieWpvc2UuY29tXC93cC1jb250ZW50XC91cGxvYWRzXC8yMDI0XC8xMlwvUEhPVE8tMjAyNC0wOC0xNy0xNi0zNi0xOS5qcGciLCJzbGlkZXNob3ciOiIzMjAwYzgxMyJ9\">\n\t\t\t\t\t<div class=\"e-gallery-image elementor-gallery-item__image\" data-thumbnail=\"https:\/\/signsbyjose.com\/wp-content\/uploads\/2024\/12\/PHOTO-2024-08-17-16-36-19.jpg\" data-width=\"1600\" data-height=\"1200\" aria-label=\"\" role=\"img\" ><\/div>\n\t\t\t\t\t\t\t\t\t\t\t<div class=\"elementor-gallery-item__overlay\"><\/div>\n\t\t\t\t\t\t\t\t\t\t\t\t\t\t<\/a>\n\t\t\t\t\t<\/div>\n\t\t\t<\/div>\n\t\t\t\t<\/div>\n\t\t\t\t<div class=\"elementor-element elementor-element-67447e50 elementor-widget elementor-widget-spacer\" data-id=\"67447e50\" data-element_type=\"widget\" data-widget_type=\"spacer.default\">\n\t\t\t\t<div class=\"elementor-widget-container\">\n\t\t\t\t\t<div class=\"elementor-spacer\">\n\t\t\t<div class=\"elementor-spacer-inner\"><\/div>\n\t\t<\/div>\n\t\t\t\t<\/div>\n\t\t\t\t<\/div>\n\t\t\t\t\t<\/div>\n\t\t\t\t<\/div>\n\t\t<div class=\"elementor-element elementor-element-635e02d e-flex e-con-boxed e-con e-parent\" data-id=\"635e02d\" data-element_type=\"container\">\n\t\t\t\t\t<div class=\"e-con-inner\">\n\t\t<div class=\"elementor-element elementor-element-7091131b e-con-full e-flex e-con e-child\" data-id=\"7091131b\" data-element_type=\"container\">\n\t\t\t\t<div class=\"elementor-element elementor-element-b88afa2 elementor-widget__width-inherit elementor-widget elementor-widget-heading\" data-id=\"b88afa2\" data-element_type=\"widget\" data-widget_type=\"heading.default\">\n\t\t\t\t<div class=\"elementor-widget-container\">\n\t\t\t<h2 class=\"elementor-heading-title elementor-size-default\">Projects<\/h2>\t\t<\/div>\n\t\t\t\t<\/div>\n\t\t\t\t<div class=\"elementor-element elementor-element-29693cdc elementor-widget__width-auto elementor-widget elementor-widget-jkit_fun_fact\" data-id=\"29693cdc\" data-element_type=\"widget\" data-widget_type=\"jkit_fun_fact.default\">\n\t\t\t\t<div class=\"elementor-widget-container\">\n\t\t\t<div  class=\"jeg-elementor-kit jkit-fun-fact align-center hover-from-left elementor-animation- jeg_module___69e244fc88a51\" ><div class=\"fun-fact-inner\">\n            <div class=\"content\">\n                <div class=\"number-wrapper\"><span class=\"prefix\"><\/span>\n        <span class=\"number\" data-value=\"1219\" data-animation-duration=\"3500\">0<\/span>\n        <span class=\"suffix\"><\/span><sup class=\"super\">+<\/sup><\/div>\n                <h2 class=\"title\">Proyecto con \u00e9xito<\/h2>\n            <\/div>\n        <\/div><\/div>\t\t<\/div>\n\t\t\t\t<\/div>\n\t\t\t\t<\/div>\n\t\t<div class=\"elementor-element elementor-element-64faa32b e-con-full e-flex e-con e-child\" data-id=\"64faa32b\" data-element_type=\"container\">\n\t\t\t\t<div class=\"elementor-element elementor-element-70d9669c elementor-widget__width-inherit elementor-widget elementor-widget-heading\" data-id=\"70d9669c\" data-element_type=\"widget\" data-widget_type=\"heading.default\">\n\t\t\t\t<div class=\"elementor-widget-container\">\n\t\t\t<h2 class=\"elementor-heading-title elementor-size-default\">Years<\/h2>\t\t<\/div>\n\t\t\t\t<\/div>\n\t\t\t\t<div class=\"elementor-element elementor-element-73fda983 elementor-widget__width-auto elementor-widget elementor-widget-jkit_fun_fact\" data-id=\"73fda983\" data-element_type=\"widget\" data-widget_type=\"jkit_fun_fact.default\">\n\t\t\t\t<div class=\"elementor-widget-container\">\n\t\t\t<div  class=\"jeg-elementor-kit jkit-fun-fact align-center hover-from-left elementor-animation- jeg_module__1_69e244fc890b9\" ><div class=\"fun-fact-inner\">\n            <div class=\"content\">\n                <div class=\"number-wrapper\"><span class=\"prefix\"><\/span>\n        <span class=\"number\" data-value=\"47\" data-animation-duration=\"3500\">0<\/span>\n        <span class=\"suffix\"><\/span><sup class=\"super\">+<\/sup><\/div>\n                <h2 class=\"title\">A\u00f1os de Experiencia<\/h2>\n            <\/div>\n        <\/div><\/div>\t\t<\/div>\n\t\t\t\t<\/div>\n\t\t\t\t<\/div>\n\t\t<div class=\"elementor-element elementor-element-32b34c68 e-con-full e-flex e-con e-child\" data-id=\"32b34c68\" data-element_type=\"container\">\n\t\t\t\t<div class=\"elementor-element elementor-element-7b21b51c elementor-widget__width-inherit elementor-widget elementor-widget-heading\" data-id=\"7b21b51c\" data-element_type=\"widget\" data-widget_type=\"heading.default\">\n\t\t\t\t<div class=\"elementor-widget-container\">\n\t\t\t<h2 class=\"elementor-heading-title elementor-size-default\">Awards<\/h2>\t\t<\/div>\n\t\t\t\t<\/div>\n\t\t\t\t<div class=\"elementor-element elementor-element-6a481ec8 elementor-widget__width-auto elementor-widget elementor-widget-jkit_fun_fact\" data-id=\"6a481ec8\" data-element_type=\"widget\" data-widget_type=\"jkit_fun_fact.default\">\n\t\t\t\t<div class=\"elementor-widget-container\">\n\t\t\t<div  class=\"jeg-elementor-kit jkit-fun-fact align-center hover-from-left elementor-animation- jeg_module__2_69e244fc894f3\" ><div class=\"fun-fact-inner\">\n            <div class=\"content\">\n                <div class=\"number-wrapper\"><span class=\"prefix\"><\/span>\n        <span class=\"number\" data-value=\"25\" data-animation-duration=\"3500\">0<\/span>\n        <span class=\"suffix\"><\/span><sup class=\"super\">+<\/sup><\/div>\n                <h2 class=\"title\">Premios<\/h2>\n            <\/div>\n        <\/div><\/div>\t\t<\/div>\n\t\t\t\t<\/div>\n\t\t\t\t<\/div>\n\t\t<div class=\"elementor-element elementor-element-5e2dcae9 e-con-full e-flex e-con e-child\" data-id=\"5e2dcae9\" data-element_type=\"container\">\n\t\t\t\t<div class=\"elementor-element elementor-element-5ce18c71 elementor-widget__width-inherit elementor-widget elementor-widget-heading\" data-id=\"5ce18c71\" data-element_type=\"widget\" data-widget_type=\"heading.default\">\n\t\t\t\t<div class=\"elementor-widget-container\">\n\t\t\t<h2 class=\"elementor-heading-title elementor-size-default\">Clients<\/h2>\t\t<\/div>\n\t\t\t\t<\/div>\n\t\t\t\t<div class=\"elementor-element elementor-element-21adaea1 elementor-widget__width-auto elementor-widget elementor-widget-jkit_fun_fact\" data-id=\"21adaea1\" data-element_type=\"widget\" data-widget_type=\"jkit_fun_fact.default\">\n\t\t\t\t<div class=\"elementor-widget-container\">\n\t\t\t<div  class=\"jeg-elementor-kit jkit-fun-fact align-center hover-from-left elementor-animation- jeg_module__3_69e244fc89943\" ><div class=\"fun-fact-inner\">\n            <div class=\"content\">\n                <div class=\"number-wrapper\"><span class=\"prefix\"><\/span>\n        <span class=\"number\" data-value=\"481\" data-animation-duration=\"3500\">0<\/span>\n        <span class=\"suffix\"><\/span><sup class=\"super\">+<\/sup><\/div>\n                <h2 class=\"title\">Clientes satisfechos<\/h2>\n            <\/div>\n        <\/div><\/div>\t\t<\/div>\n\t\t\t\t<\/div>\n\t\t\t\t<\/div>\n\t\t\t\t\t<\/div>\n\t\t\t\t<\/div>\n\t\t<div class=\"elementor-element elementor-element-67598d6 e-flex e-con-boxed e-con e-parent\" data-id=\"67598d6\" data-element_type=\"container\">\n\t\t\t\t\t<div class=\"e-con-inner\">\n\t\t<div class=\"elementor-element elementor-element-7dfdcc0 e-con-full e-flex e-con e-child\" data-id=\"7dfdcc0\" data-element_type=\"container\">\n\t\t\t\t<div class=\"elementor-element elementor-element-adebeb6 elementor-widget__width-initial elementor-widget elementor-widget-image\" data-id=\"adebeb6\" data-element_type=\"widget\" data-widget_type=\"image.default\">\n\t\t\t\t<div class=\"elementor-widget-container\">\n\t\t\t\t\t\t\t\t\t\t\t\t\t<img decoding=\"async\" src=\"https:\/\/signsbyjose.com\/wp-content\/uploads\/elementor\/thumbs\/mateus-maia-H4gMHucD434-unsplash-qyfhhgwb9gg3l8752wxrgat5zkfpb1k9htz2sp4x90.jpg\" title=\"mateus-maia-H4gMHucD434-unsplash.jpg\" alt=\"mateus-maia-H4gMHucD434-unsplash.jpg\" loading=\"lazy\" \/>\t\t\t\t\t\t\t\t\t\t\t\t\t<\/div>\n\t\t\t\t<\/div>\n\t\t\t\t<\/div>\n\t\t<div class=\"elementor-element elementor-element-2d3851f e-con-full e-flex e-con e-child\" data-id=\"2d3851f\" data-element_type=\"container\">\n\t\t<div class=\"elementor-element elementor-element-d7c074a e-con-full e-flex e-con e-child\" data-id=\"d7c074a\" data-element_type=\"container\" data-settings=\"{&quot;background_background&quot;:&quot;classic&quot;}\">\n\t\t\t\t<div class=\"elementor-element elementor-element-7b63810 elementor-widget elementor-widget-heading\" data-id=\"7b63810\" data-element_type=\"widget\" data-widget_type=\"heading.default\">\n\t\t\t\t<div class=\"elementor-widget-container\">\n\t\t\t<h3 class=\"elementor-heading-title elementor-size-default\">FAQ<\/h3>\t\t<\/div>\n\t\t\t\t<\/div>\n\t\t\t\t<div class=\"elementor-element elementor-element-adc83c0 elementor-widget elementor-widget-heading\" data-id=\"adc83c0\" data-element_type=\"widget\" data-widget_type=\"heading.default\">\n\t\t\t\t<div class=\"elementor-widget-container\">\n\t\t\t<h2 class=\"elementor-heading-title elementor-size-default\">Nuestros Clientes Preguntas<\/h2>\t\t<\/div>\n\t\t\t\t<\/div>\n\t\t\t\t<div class=\"elementor-element elementor-element-b922c8d elementor-widget elementor-widget-text-editor\" data-id=\"b922c8d\" data-element_type=\"widget\" data-widget_type=\"text-editor.default\">\n\t\t\t\t<div class=\"elementor-widget-container\">\n\t\t\t\t\t\t\t<div class=\"flex max-w-full flex-col flex-grow\"><div class=\"min-h-8 text-message flex w-full flex-col items-end gap-2 whitespace-normal break-words text-start [.text-message+&amp;]:mt-5\" dir=\"auto\" data-message-author-role=\"assistant\" data-message-id=\"c8a21dbf-e082-49f0-a1ec-5fae469c39d3\" data-message-model-slug=\"gpt-4o-mini\"><div class=\"flex w-full flex-col gap-1 empty:hidden first:pt-[3px]\"><div class=\"markdown prose w-full break-words dark:prose-invert dark\"><p>Valoramos a nuestros clientes y estamos aqu\u00ed para proporcionar respuestas a sus preguntas m\u00e1s comunes. Si usted tiene alguna pregunta acerca de nuestros servicios o c\u00f3mo podemos ayudar a su negocio a crecer, sentirse libre para llegar!<\/p><\/div><\/div><\/div><\/div>\t\t\t\t\t\t<\/div>\n\t\t\t\t<\/div>\n\t\t\t\t<div class=\"elementor-element elementor-element-130ba80 elementor-widget elementor-widget-jkit_accordion\" data-id=\"130ba80\" data-element_type=\"widget\" data-widget_type=\"jkit_accordion.default\">\n\t\t\t\t<div class=\"elementor-widget-container\">\n\t\t\t<div  class=\"jeg-elementor-kit jkit-accordion style-default jeg_module__4_69e244fc8e8a3\" ><div class=\"card-wrapper expand\">\n                <div class=\"card-header\">\n                    <a href=\"#expand-aae80d4\" class=\"card-header-button\" aria-expanded=\"false\" data-target=\"#expand-aae80d4\" aria-controls=\"expand-aae80d4\">\n                        <div class=\"left-icon-group\">\n                <div class=\"normal-icon\"><i aria-hidden=\"true\" class=\"jki jki-plus-line\"><\/i><\/div>\n                <div class=\"active-icon\"><i aria-hidden=\"true\" class=\"jki jki-minus-solid\"><\/i><\/div>\n            <\/div><span class=\"title\">\u00bfCu\u00e1nto tiempo dura el dise\u00f1o y la instalaci\u00f3n de proceso?<\/span>\n                    <\/a>\n                <\/div>\n                <div class=\"card-expand\" id=\"expand-aae80d4\" style=\"display:block\"><div class=\"card-body\"><p>La l\u00ednea de tiempo var\u00eda dependiendo del tipo de se\u00f1al y la complejidad del dise\u00f1o, pero nosotros normalmente se llevan a cabo proyectos dentro de los 7 a 14 d\u00edas.<\/p><\/div><\/div>\n            <\/div><div class=\"card-wrapper\">\n                <div class=\"card-header\">\n                    <a href=\"#expand-82fbab9\" class=\"card-header-button\" aria-expanded=\"false\" data-target=\"#expand-82fbab9\" aria-controls=\"expand-82fbab9\">\n                        <div class=\"left-icon-group\">\n                <div class=\"normal-icon\"><i aria-hidden=\"true\" class=\"jki jki-plus-line\"><\/i><\/div>\n                <div class=\"active-icon\"><i aria-hidden=\"true\" class=\"jki jki-minus-solid\"><\/i><\/div>\n            <\/div><span class=\"title\">\u00bfOfrecen servicios de dise\u00f1o personalizado para mis necesidades?<\/span>\n                    <\/a>\n                <\/div>\n                <div class=\"card-expand\" id=\"expand-82fbab9\" style=\"display:none\"><div class=\"card-body\"><p>S\u00ed! Trabajamos estrechamente con nuestros clientes para crear dise\u00f1os personalizados que se alinean con la visi\u00f3n y los requerimientos de la marca.<\/p><\/div><\/div>\n            <\/div><div class=\"card-wrapper\">\n                <div class=\"card-header\">\n                    <a href=\"#expand-f4fc474\" class=\"card-header-button\" aria-expanded=\"false\" data-target=\"#expand-f4fc474\" aria-controls=\"expand-f4fc474\">\n                        <div class=\"left-icon-group\">\n                <div class=\"normal-icon\"><i aria-hidden=\"true\" class=\"jki jki-plus-line\"><\/i><\/div>\n                <div class=\"active-icon\"><i aria-hidden=\"true\" class=\"jki jki-minus-solid\"><\/i><\/div>\n            <\/div><span class=\"title\">Qu\u00e9 m\u00e9todos de pago est\u00e1n disponibles para los servicios?<\/span>\n                    <\/a>\n                <\/div>\n                <div class=\"card-expand\" id=\"expand-f4fc474\" style=\"display:none\"><div class=\"card-body\"><p>Aceptamos diversas formas de pago, incluyendo tarjetas de cr\u00e9dito, transferencias bancarias, dinero en efectivo, para su comodidad.<\/p><\/div><\/div>\n            <\/div><\/div>\t\t<\/div>\n\t\t\t\t<\/div>\n\t\t\t\t<\/div>\n\t\t\t\t<\/div>\n\t\t\t\t\t<\/div>\n\t\t\t\t<\/div>\n\t\t\t\t<\/div>","protected":false},"excerpt":{"rendered":"<p>Home Project Projects 0 + Succesfull Project Years 0 + Yers Experience Awards 0 + Winning Awards Clients 0 + Satisfied Clients FAQ Our Clients Questions We value our clients and are here to provide answers to your most common questions. If you have any inquiries about our services or how we can help your [&hellip;]<\/p>","protected":false},"author":1,"featured_media":0,"parent":0,"menu_order":0,"comment_status":"closed","ping_status":"closed","template":"","meta":{"footnotes":""},"class_list":["post-327","page","type-page","status-publish","hentry"],"_links":{"self":[{"href":"https:\/\/signsbyjose.com\/es\/wp-json\/wp\/v2\/pages\/327","targetHints":{"allow":["GET"]}}],"collection":[{"href":"https:\/\/signsbyjose.com\/es\/wp-json\/wp\/v2\/pages"}],"about":[{"href":"https:\/\/signsbyjose.com\/es\/wp-json\/wp\/v2\/types\/page"}],"author":[{"embeddable":true,"href":"https:\/\/signsbyjose.com\/es\/wp-json\/wp\/v2\/users\/1"}],"replies":[{"embeddable":true,"href":"https:\/\/signsbyjose.com\/es\/wp-json\/wp\/v2\/comments?post=327"}],"version-history":[{"count":5,"href":"https:\/\/signsbyjose.com\/es\/wp-json\/wp\/v2\/pages\/327\/revisions"}],"predecessor-version":[{"id":350,"href":"https:\/\/signsbyjose.com\/es\/wp-json\/wp\/v2\/pages\/327\/revisions\/350"}],"wp:attachment":[{"href":"https:\/\/signsbyjose.com\/es\/wp-json\/wp\/v2\/media?parent=327"}],"curies":[{"name":"wp","href":"https:\/\/api.w.org\/{rel}","templated":true}]}}